{"id":1560,"date":"2022-03-01T05:01:18","date_gmt":"2022-03-01T05:01:18","guid":{"rendered":"https:\/\/seoskillscentral.com\/about-author\/"},"modified":"2024-09-18T12:19:59","modified_gmt":"2024-09-18T10:19:59","slug":"about-us","status":"publish","type":"page","link":"https:\/\/seoskillscentral.com\/lt\/about-us\/","title":{"rendered":"About us"},"content":{"rendered":"<div class=\"wp-block-uagb-container uagb-block-3372e838 alignfull uagb-is-root-container\"><div class=\"uagb-container-inner-blocks-wrap\"><h2 class=\"wp-block-heading has-text-align-center\">APIE SEO SKILLS CENTRAL<\/h2>\n\n<div class=\"wp-block-uagb-container uagb-block-1a836922\"><div class=\"wp-block-uagb-container uagb-block-240d2bda\"><figure class=\"wp-block-image size-full is-resized has-custom-border is-style-default wp-duotone-unset-1\"><img loading=\"lazy\" decoding=\"async\" width=\"2560\" height=\"1703\" src=\"https:\/\/seoskillscentral.com\/wp-content\/uploads\/2024\/07\/pexels-cadomaestro-1170412-scaled.jpg\" alt=\"About SEO Skills Central\" class=\"wp-image-1992\" style=\"border-style:none;border-width:0px;aspect-ratio:3\/2;object-fit:cover;width:555px;height:auto\" srcset=\"https:\/\/seoskillscentral.com\/wp-content\/uploads\/2024\/07\/pexels-cadomaestro-1170412-scaled.jpg 2560w, https:\/\/seoskillscentral.com\/wp-content\/uploads\/2024\/07\/pexels-cadomaestro-1170412-300x200.jpg 300w, https:\/\/seoskillscentral.com\/wp-content\/uploads\/2024\/07\/pexels-cadomaestro-1170412-1024x681.jpg 1024w, https:\/\/seoskillscentral.com\/wp-content\/uploads\/2024\/07\/pexels-cadomaestro-1170412-768x511.jpg 768w, https:\/\/seoskillscentral.com\/wp-content\/uploads\/2024\/07\/pexels-cadomaestro-1170412-1536x1022.jpg 1536w, https:\/\/seoskillscentral.com\/wp-content\/uploads\/2024\/07\/pexels-cadomaestro-1170412-2048x1363.jpg 2048w, https:\/\/seoskillscentral.com\/wp-content\/uploads\/2024\/07\/pexels-cadomaestro-1170412-600x399.jpg 600w\" sizes=\"(max-width: 2560px) 100vw, 2560px\" \/><\/figure><\/div>\n\n<div class=\"wp-block-uagb-container uagb-block-837e8472\"><div class=\"wp-block-uagb-info-box uagb-block-b8e95492 uagb-infobox__content-wrap  uagb-infobox-icon-above-title uagb-infobox-image-valign-top\"><div class=\"uagb-ifb-content\"><div class=\"uagb-ifb-icon-wrap\"><svg xmlns=\"https:\/\/www.w3.org\/2000\/svg\" viewbox=\"0 0 448 512\"><path d=\"M96 224C84.72 224 74.05 226.3 64 229.9V224c0-35.3 28.7-64 64-64c17.67 0 32-14.33 32-32S145.7 96 128 96C57.42 96 0 153.4 0 224v96c0 53.02 42.98 96 96 96s96-42.98 96-96S149 224 96 224zM352 224c-11.28 0-21.95 2.305-32 5.879V224c0-35.3 28.7-64 64-64c17.67 0 32-14.33 32-32s-14.33-32-32-32c-70.58 0-128 57.42-128 128v96c0 53.02 42.98 96 96 96s96-42.98 96-96S405 224 352 224z\"><\/path><\/svg><\/div><div class=\"uagb-ifb-title-wrap\"><h3 class=\"uagb-ifb-title\">\u201c<em>You don\u2019t understand anything until you learn it more than one way.\u201d<\/em>\u200b<\/h3><\/div><p class=\"uagb-ifb-desc\"><strong>MARVIN MINSKY<\/strong><\/p><\/div><\/div><\/div><\/div>\n\n<div class=\"wp-block-columns is-layout-flex wp-container-core-columns-is-layout-1 wp-block-columns-is-layout-flex\"><div class=\"wp-block-column is-layout-flow wp-block-column-is-layout-flow\"><p class=\"has-text-align-center\"><strong>Sveiki atvyk\u0119 \u012f \u201eSEO Skills Central\u201c - tai vieta, kur galite gauti profesionalias SEO paslaugas ir \u012fgyti \u017eini\u0173 i\u0161 m\u016bs\u0173 rengiam\u0173 mokym\u0173 bei kurs\u0173. <\/strong><\/p>\n\n<p>M\u016bs\u0173 komanda yra sudaryta i\u0161 patyrusi\u0173 specialist\u0173, kurie aistringai dirba, kad pad\u0117t\u0173 j\u016bs\u0173 verslui pasiekti auk\u0161tesnes pozicijas paie\u0161kos sistemose. Suprantame, kad kiekvienas verslas yra unikalus, tod\u0117l si\u016blome individualizuotus sprendimus, pritaikytus j\u016bs\u0173 poreikiams ir tikslams.<\/p>\n\n<p>M\u016bs\u0173 misija \u2013 ne tik didinti j\u016bs\u0173 svetain\u0117s matomum\u0105, bet ir u\u017etikrinti, kad pritrauktum\u0117te tiksling\u0105 sraut\u0105, kuris virsta konversijomis. Naudojame pa\u017eangias strategijas, remdamiesi naujausiomis SEO tendencijomis ir geriausia praktika. Nuo i\u0161samaus raktini\u0173 \u017eod\u017ei\u0173 tyrimo iki turinio optimizavimo ir nuorod\u0173 k\u016brimo.<\/p>\n\n<p>Bendradarbiaudami su mumis, galite b\u016bti tikri, kad j\u016bs\u0173 svetain\u0117 bus optimizuota taip, kad pasiekt\u0173 savo potencial\u0105 ir augt\u0173 kartu su j\u016bs\u0173 verslu. Pasitik\u0117kite SEO Skills Central ir leiskite mums pad\u0117ti jums pasiekti s\u0117km\u0119 internete!<\/p>\n\n<p>Kvie\u010diame rezervuotis viet\u0105 nemokamai konsultacijai ir aptarti galimybes kartu.<\/p><\/div><\/div>\n\n<div class=\"wp-block-uagb-container uagb-block-41031a42\"><div class=\"wp-block-uagb-container uagb-block-0f5f5c8f\"><div class=\"wp-block-uagb-info-box uagb-block-b12eacb3 uagb-infobox__content-wrap  uagb-infobox-icon-above-title uagb-infobox-image-valign-top\"><div class=\"uagb-ifb-content\"><div class=\"uagb-ifb-title-wrap\"><h2 class=\"uagb-ifb-title\">+150<\/h2><\/div><p class=\"uagb-ifb-desc\">\u012egyvendinti projektai<\/p><\/div><\/div><\/div>\n\n<div class=\"wp-block-uagb-container uagb-block-0b4338de\"><div class=\"wp-block-uagb-info-box uagb-block-e2b87894 uagb-infobox__content-wrap  uagb-infobox-icon-above-title uagb-infobox-image-valign-top\"><div class=\"uagb-ifb-content\"><div class=\"uagb-ifb-title-wrap\"><h2 class=\"uagb-ifb-title\">+1MLN<\/h2><\/div><p class=\"uagb-ifb-desc\">U\u017eaugintas organinis srautas<\/p><\/div><\/div><\/div>\n\n<div class=\"wp-block-uagb-container uagb-block-4a00bcc1\"><div class=\"wp-block-uagb-info-box uagb-block-f0de7793 uagb-infobox__content-wrap  uagb-infobox-icon-above-title uagb-infobox-image-valign-top\"><div class=\"uagb-ifb-content\"><div class=\"uagb-ifb-title-wrap\"><h2 class=\"uagb-ifb-title\">+6<\/h2><\/div><p class=\"uagb-ifb-desc\">Met\u0173 s\u0117kmingos \npatirties <\/p><\/div><\/div><\/div><\/div><\/div><\/div>","protected":false},"excerpt":{"rendered":"<p>ABOUT SEO SKILLS CENTRAL Welcome to SEO Skills Central &#8211; your premier destination for cutting-edge SEO education and training. With a legacy of expertise spanning in the dynamic field of SEO, we are dedicated to equipping individuals and businesses with the knowledge and skills needed to thrive in the digital landscape. Our journey began driven [&hellip;]<\/p>","protected":false},"author":1,"featured_media":0,"parent":0,"menu_order":0,"comment_status":"closed","ping_status":"closed","template":"","meta":{"_uag_custom_page_level_css":"","site-sidebar-layout":"no-sidebar","site-content-layout":"plain-container","ast-site-content-layout":"normal-width-container","site-content-style":"unboxed","site-sidebar-style":"unboxed","ast-global-header-display":"","ast-banner-title-visibility":"","ast-main-header-display":"","ast-hfb-above-header-display":"","ast-hfb-below-header-display":"","ast-hfb-mobile-header-display":"","site-post-title":"disabled","ast-breadcrumbs-content":"","ast-featured-img":"disabled","footer-sml-layout":"","ast-disable-related-posts":"","theme-transparent-header-meta":"enabled","adv-header-id-meta":"","stick-header-meta":"","header-above-stick-meta":"","header-main-stick-meta":"","header-below-stick-meta":"","astra-migrate-meta-layouts":"set","ast-page-background-enabled":"default","ast-page-background-meta":{"desktop":{"background-color":"","background-image":"","background-repeat":"repeat","background-position":"center center","background-size":"auto","background-attachment":"scroll","background-type":"","background-media":"","overlay-type":"","overlay-color":"","overlay-opacity":"","overlay-gradient":""},"tablet":{"background-color":"","background-image":"","background-repeat":"repeat","background-position":"center center","background-size":"auto","background-attachment":"scroll","background-type":"","background-media":"","overlay-type":"","overlay-color":"","overlay-opacity":"","overlay-gradient":""},"mobile":{"background-color":"","background-image":"","background-repeat":"repeat","background-position":"center center","background-size":"auto","background-attachment":"scroll","background-type":"","background-media":"","overlay-type":"","overlay-color":"","overlay-opacity":"","overlay-gradient":""}},"ast-content-background-meta":{"desktop":{"background-color":"var(--ast-global-color-4)","background-image":"","background-repeat":"repeat","background-position":"center center","background-size":"auto","background-attachment":"scroll","background-type":"","background-media":"","overlay-type":"","overlay-color":"","overlay-opacity":"","overlay-gradient":""},"tablet":{"background-color":"var(--ast-global-color-4)","background-image":"","background-repeat":"repeat","background-position":"center center","background-size":"auto","background-attachment":"scroll","background-type":"","background-media":"","overlay-type":"","overlay-color":"","overlay-opacity":"","overlay-gradient":""},"mobile":{"background-color":"var(--ast-global-color-4)","background-image":"","background-repeat":"repeat","background-position":"center center","background-size":"auto","background-attachment":"scroll","background-type":"","background-media":"","overlay-type":"","overlay-color":"","overlay-opacity":"","overlay-gradient":""}},"footnotes":""},"class_list":["post-1560","page","type-page","status-publish","hentry"],"jetpack_sharing_enabled":true,"uagb_featured_image_src":{"full":false,"thumbnail":false,"medium":false,"medium_large":false,"large":false,"1536x1536":false,"2048x2048":false,"trp-custom-language-flag":false,"woocommerce_thumbnail":false,"woocommerce_single":false,"woocommerce_gallery_thumbnail":false},"uagb_author_info":{"display_name":"seoskillscentral.com","author_link":"https:\/\/seoskillscentral.com\/lt\/author\/seoskillscentral-com\/"},"uagb_comment_info":0,"uagb_excerpt":"ABOUT SEO SKILLS CENTRAL Welcome to SEO Skills Central &#8211; your premier destination for cutting-edge SEO education and training. With a legacy of expertise spanning in the dynamic field of SEO, we are dedicated to equipping individuals and businesses with the knowledge and skills needed to thrive in the digital landscape. Our journey began driven&hellip;","_links":{"self":[{"href":"https:\/\/seoskillscentral.com\/lt\/wp-json\/wp\/v2\/pages\/1560"}],"collection":[{"href":"https:\/\/seoskillscentral.com\/lt\/wp-json\/wp\/v2\/pages"}],"about":[{"href":"https:\/\/seoskillscentral.com\/lt\/wp-json\/wp\/v2\/types\/page"}],"author":[{"embeddable":true,"href":"https:\/\/seoskillscentral.com\/lt\/wp-json\/wp\/v2\/users\/1"}],"replies":[{"embeddable":true,"href":"https:\/\/seoskillscentral.com\/lt\/wp-json\/wp\/v2\/comments?post=1560"}],"version-history":[{"count":16,"href":"https:\/\/seoskillscentral.com\/lt\/wp-json\/wp\/v2\/pages\/1560\/revisions"}],"predecessor-version":[{"id":2150,"href":"https:\/\/seoskillscentral.com\/lt\/wp-json\/wp\/v2\/pages\/1560\/revisions\/2150"}],"wp:attachment":[{"href":"https:\/\/seoskillscentral.com\/lt\/wp-json\/wp\/v2\/media?parent=1560"}],"curies":[{"name":"wp","href":"https:\/\/api.w.org\/{rel}","templated":true}]}}