{"id":2172,"date":"2024-09-26T16:58:30","date_gmt":"2024-09-26T14:58:30","guid":{"rendered":"https:\/\/seoskillscentral.com\/?page_id=2172"},"modified":"2024-09-27T11:58:46","modified_gmt":"2024-09-27T09:58:46","slug":"your-request-was-successful","status":"publish","type":"page","link":"https:\/\/seoskillscentral.com\/lt\/your-request-was-successful\/","title":{"rendered":"U\u017eklausa pateikta"},"content":{"rendered":"<div class=\"wp-block-uagb-container uagb-block-482f3368 alignfull uagb-is-root-container\"><div class=\"uagb-container-inner-blocks-wrap\"><h2 class=\"wp-block-heading has-text-align-center\">J\u016bs\u0173 u\u017eklausa pateikta s\u0117kmingai! Netrukus susisieksime.<\/h2><\/div><\/div><p class=\"has-text-align-center\">Daugiau informacijos \u2013 info@seoskillscentral.lt<\/p><p><\/p>","protected":false},"excerpt":{"rendered":"<p>Your request was successful! More information &#8211; info@seoskillscentral.lt<\/p>","protected":false},"author":1,"featured_media":0,"parent":0,"menu_order":0,"comment_status":"closed","ping_status":"closed","template":"","meta":{"_uag_custom_page_level_css":"","site-sidebar-layout":"default","site-content-layout":"","ast-site-content-layout":"default","site-content-style":"default","site-sidebar-style":"default","ast-global-header-display":"","ast-banner-title-visibility":"","ast-main-header-display":"","ast-hfb-above-header-display":"","ast-hfb-below-header-display":"","ast-hfb-mobile-header-display":"","site-post-title":"disabled","ast-breadcrumbs-content":"","ast-featured-img":"","footer-sml-layout":"","ast-disable-related-posts":"","theme-transparent-header-meta":"","adv-header-id-meta":"","stick-header-meta":"","header-above-stick-meta":"","header-main-stick-meta":"","header-below-stick-meta":"","astra-migrate-meta-layouts":"set","ast-page-background-enabled":"default","ast-page-background-meta":{"desktop":{"background-color":"","background-image":"","background-repeat":"repeat","background-position":"center center","background-size":"auto","background-attachment":"scroll","background-type":"","background-media":"","overlay-type":"","overlay-color":"","overlay-opacity":"","overlay-gradient":""},"tablet":{"background-color":"","background-image":"","background-repeat":"repeat","background-position":"center center","background-size":"auto","background-attachment":"scroll","background-type":"","background-media":"","overlay-type":"","overlay-color":"","overlay-opacity":"","overlay-gradient":""},"mobile":{"background-color":"","background-image":"","background-repeat":"repeat","background-position":"center center","background-size":"auto","background-attachment":"scroll","background-type":"","background-media":"","overlay-type":"","overlay-color":"","overlay-opacity":"","overlay-gradient":""}},"ast-content-background-meta":{"desktop":{"background-color":"var(--ast-global-color-4)","background-image":"","background-repeat":"repeat","background-position":"center center","background-size":"auto","background-attachment":"scroll","background-type":"","background-media":"","overlay-type":"","overlay-color":"","overlay-opacity":"","overlay-gradient":""},"tablet":{"background-color":"var(--ast-global-color-4)","background-image":"","background-repeat":"repeat","background-position":"center center","background-size":"auto","background-attachment":"scroll","background-type":"","background-media":"","overlay-type":"","overlay-color":"","overlay-opacity":"","overlay-gradient":""},"mobile":{"background-color":"var(--ast-global-color-4)","background-image":"","background-repeat":"repeat","background-position":"center center","background-size":"auto","background-attachment":"scroll","background-type":"","background-media":"","overlay-type":"","overlay-color":"","overlay-opacity":"","overlay-gradient":""}},"footnotes":""},"class_list":["post-2172","page","type-page","status-publish","hentry"],"jetpack_sharing_enabled":true,"uagb_featured_image_src":{"full":false,"thumbnail":false,"medium":false,"medium_large":false,"large":false,"1536x1536":false,"2048x2048":false,"trp-custom-language-flag":false,"woocommerce_thumbnail":false,"woocommerce_single":false,"woocommerce_gallery_thumbnail":false},"uagb_author_info":{"display_name":"seoskillscentral.com","author_link":"https:\/\/seoskillscentral.com\/lt\/author\/seoskillscentral-com\/"},"uagb_comment_info":0,"uagb_excerpt":"Your request was successful! More information &#8211; info@seoskillscentral.lt","_links":{"self":[{"href":"https:\/\/seoskillscentral.com\/lt\/wp-json\/wp\/v2\/pages\/2172"}],"collection":[{"href":"https:\/\/seoskillscentral.com\/lt\/wp-json\/wp\/v2\/pages"}],"about":[{"href":"https:\/\/seoskillscentral.com\/lt\/wp-json\/wp\/v2\/types\/page"}],"author":[{"embeddable":true,"href":"https:\/\/seoskillscentral.com\/lt\/wp-json\/wp\/v2\/users\/1"}],"replies":[{"embeddable":true,"href":"https:\/\/seoskillscentral.com\/lt\/wp-json\/wp\/v2\/comments?post=2172"}],"version-history":[{"count":4,"href":"https:\/\/seoskillscentral.com\/lt\/wp-json\/wp\/v2\/pages\/2172\/revisions"}],"predecessor-version":[{"id":2179,"href":"https:\/\/seoskillscentral.com\/lt\/wp-json\/wp\/v2\/pages\/2172\/revisions\/2179"}],"wp:attachment":[{"href":"https:\/\/seoskillscentral.com\/lt\/wp-json\/wp\/v2\/media?parent=2172"}],"curies":[{"name":"wp","href":"https:\/\/api.w.org\/{rel}","templated":true}]}}